{"id":1681,"date":"2024-03-22T20:30:15","date_gmt":"2024-03-22T20:30:15","guid":{"rendered":"https:\/\/inversionesvilladeleyva.com\/?page_id=1681"},"modified":"2025-07-02T03:20:34","modified_gmt":"2025-07-02T03:20:34","slug":"hermosa-casa-finca-en-venta","status":"publish","type":"page","link":"https:\/\/inversionesvilladeleyva.com\/index.php\/hermosa-casa-finca-en-venta\/","title":{"rendered":"Hermosa Casa Finca en Villa de Leyva para la venta"},"content":{"rendered":"\t\t<div data-elementor-type=\"wp-page\" data-elementor-id=\"1681\" class=\"elementor elementor-1681\">\n\t\t\t\t\t\t<section class=\"elementor-section elementor-top-section elementor-element elementor-element-6ee66ba elementor-section-boxed elementor-section-height-default elementor-section-height-default\" data-id=\"6ee66ba\" data-element_type=\"section\" data-e-type=\"section\">\n\t\t\t\t\t\t<div class=\"elementor-container elementor-column-gap-default\">\n\t\t\t\t\t<div class=\"elementor-column elementor-col-50 elementor-top-column elementor-element elementor-element-17f572d\" data-id=\"17f572d\" data-element_type=\"column\" data-e-type=\"column\">\n\t\t\t<div class=\"elementor-widget-wrap elementor-element-populated\">\n\t\t\t\t\t\t<div class=\"elementor-element elementor-element-14e7650 elementor-widget elementor-widget-image\" data-id=\"14e7650\" data-element_type=\"widget\" data-e-type=\"widget\" data-widget_type=\"image.default\">\n\t\t\t\t<div class=\"elementor-widget-container\">\n\t\t\t\t\t\t\t\t\t\t\t\t\t\t\t<img fetchpriority=\"high\" decoding=\"async\" width=\"1024\" height=\"630\" src=\"https:\/\/inversionesvilladeleyva.com\/wp-content\/uploads\/2022\/11\/WhatsApp-Image-2022-11-16-at-9.22.05-PM.jpeg\" class=\"attachment-large size-large wp-image-1411\" alt=\"Hermosa casa finca en Villa de Leyva - Casas Campestres - Inversiones Villa de Leyva - Boyac\u00e1\" srcset=\"https:\/\/inversionesvilladeleyva.com\/wp-content\/uploads\/2022\/11\/WhatsApp-Image-2022-11-16-at-9.22.05-PM.jpeg 1024w, https:\/\/inversionesvilladeleyva.com\/wp-content\/uploads\/2022\/11\/WhatsApp-Image-2022-11-16-at-9.22.05-PM-300x185.jpeg 300w, https:\/\/inversionesvilladeleyva.com\/wp-content\/uploads\/2022\/11\/WhatsApp-Image-2022-11-16-at-9.22.05-PM-768x473.jpeg 768w\" sizes=\"(max-width: 1024px) 100vw, 1024px\" \/>\t\t\t\t\t\t\t\t\t\t\t\t\t\t\t<\/div>\n\t\t\t\t<\/div>\n\t\t\t\t\t<\/div>\n\t\t<\/div>\n\t\t\t\t<div class=\"elementor-column elementor-col-50 elementor-top-column elementor-element elementor-element-81d18ff\" data-id=\"81d18ff\" data-element_type=\"column\" data-e-type=\"column\">\n\t\t\t<div class=\"elementor-widget-wrap elementor-element-populated\">\n\t\t\t\t\t\t<div class=\"elementor-element elementor-element-30c3ef4 elementor-widget elementor-widget-text-editor\" data-id=\"30c3ef4\" data-element_type=\"widget\" data-e-type=\"widget\" data-widget_type=\"text-editor.default\">\n\t\t\t\t<div class=\"elementor-widget-container\">\n\t\t\t\t\t\t\t\t\t<h3><span style=\"color: #ffffff;\">Hermosa Casa Finca<\/span> en Villa de Leyva para la venta<\/h3>\t\t\t\t\t\t\t\t<\/div>\n\t\t\t\t<\/div>\n\t\t\t\t<div class=\"elementor-element elementor-element-95c2067 elementor-widget elementor-widget-text-editor\" data-id=\"95c2067\" data-element_type=\"widget\" data-e-type=\"widget\" data-widget_type=\"text-editor.default\">\n\t\t\t\t<div class=\"elementor-widget-container\">\n\t\t\t\t\t\t\t\t\t<div class=\"elementor-element elementor-element-f3e5faf elementor-widget elementor-widget-heading\" data-id=\"f3e5faf\" data-element_type=\"widget\" data-widget_type=\"heading.default\"><div class=\"elementor-widget-container\"><div class=\"elementor-heading-title elementor-size-default\">Villa de Leyva, Boyac\u00e1<\/div><\/div><\/div><div class=\"elementor-element elementor-element-1e564d2 elementor-widget elementor-widget-heading\" data-id=\"1e564d2\" data-element_type=\"widget\" data-widget_type=\"heading.default\"><div class=\"elementor-widget-container\"><h5 class=\"elementor-heading-title elementor-size-default\">$ 1.700M<\/h5><\/div><\/div><div class=\"elementor-element elementor-element-f12133a elementor-widget elementor-widget-text-editor\" data-id=\"f12133a\" data-element_type=\"widget\" data-widget_type=\"text-editor.default\"><div class=\"elementor-widget-container\"><p>500m2\u00a0 \/ 5 cuartos \/ lote de 9.600m2 \/ a 20 minutos de V\/Leyva v\u00eda Arcabuco\/ Zona de spa<\/p><\/div><\/div><div class=\"elementor-element elementor-element-8bd2729 elementor-align-left elementor-icon-list--layout-traditional elementor-list-item-link-full_width elementor-widget elementor-widget-icon-list\" data-id=\"8bd2729\" data-element_type=\"widget\" data-widget_type=\"icon-list.default\"><div class=\"elementor-widget-container\"><ul class=\"elementor-icon-list-items\"><li class=\"elementor-icon-list-item\"><i class=\"fas fa-mountain\" aria-hidden=\"true\"><\/i><span class=\"elementor-icon-list-text\">Campestre<\/span><\/li><li class=\"elementor-icon-list-item\"><i class=\"fas fa-hotel\" aria-hidden=\"true\"><\/i><span class=\"elementor-icon-list-text\">Big house<\/span><\/li><li class=\"elementor-icon-list-item\"><i class=\"fas fa-horse\" aria-hidden=\"true\"><\/i><span class=\"elementor-icon-list-text\">Rural<\/span><\/li><li class=\"elementor-icon-list-item\"><i class=\"fas fa-hot-tub\" aria-hidden=\"true\"><\/i><span class=\"elementor-icon-list-text\">Jacuzzi<\/span><\/li><\/ul><\/div><\/div>\t\t\t\t\t\t\t\t<\/div>\n\t\t\t\t<\/div>\n\t\t\t\t\t<\/div>\n\t\t<\/div>\n\t\t\t\t\t<\/div>\n\t\t<\/section>\n\t\t\t\t<section class=\"elementor-section elementor-top-section elementor-element elementor-element-e077949 elementor-section-boxed elementor-section-height-default elementor-section-height-default\" data-id=\"e077949\" data-element_type=\"section\" data-e-type=\"section\">\n\t\t\t\t\t\t<div class=\"elementor-container elementor-column-gap-default\">\n\t\t\t\t\t<div class=\"elementor-column elementor-col-100 elementor-top-column elementor-element elementor-element-f2acabf\" data-id=\"f2acabf\" data-element_type=\"column\" data-e-type=\"column\">\n\t\t\t<div class=\"elementor-widget-wrap elementor-element-populated\">\n\t\t\t\t\t\t<div class=\"elementor-element elementor-element-ea8c857 elementor-widget elementor-widget-image-gallery\" data-id=\"ea8c857\" data-element_type=\"widget\" data-e-type=\"widget\" data-widget_type=\"image-gallery.default\">\n\t\t\t\t<div class=\"elementor-widget-container\">\n\t\t\t\t\t\t\t<div class=\"elementor-image-gallery\">\n\t\t\t<div id='gallery-1' class='gallery galleryid-1681 gallery-columns-5 gallery-size-thumbnail'><figure class='gallery-item'>\n\t\t\t<div class='gallery-icon portrait'>\n\t\t\t\t<a data-elementor-open-lightbox=\"yes\" data-elementor-lightbox-slideshow=\"ea8c857\" data-elementor-lightbox-title=\"Hermosa Casa Finca en Villa de Leyva camino de entrada\" data-elementor-lightbox-description=\"Hermosa casa finca en Villa de Leyva para la venta\" data-e-action-hash=\"#elementor-action%3Aaction%3Dlightbox%26settings%3DeyJpZCI6MTQwMSwidXJsIjoiaHR0cHM6XC9cL2ludmVyc2lvbmVzdmlsbGFkZWxleXZhLmNvbVwvd3AtY29udGVudFwvdXBsb2Fkc1wvMjAyMlwvMTFcL1doYXRzQXBwLUltYWdlLTIwMjItMTEtMTYtYXQtOS4yMi4wMi1QTS1lMTcxMTI0NjM3OTQzOC5qcGVnIiwic2xpZGVzaG93IjoiZWE4Yzg1NyJ9\" href='https:\/\/inversionesvilladeleyva.com\/wp-content\/uploads\/2022\/11\/WhatsApp-Image-2022-11-16-at-9.22.02-PM-e1711246379438.jpeg'><img decoding=\"async\" width=\"150\" height=\"150\" src=\"https:\/\/inversionesvilladeleyva.com\/wp-content\/uploads\/2022\/11\/WhatsApp-Image-2022-11-16-at-9.22.02-PM-e1711246379438-150x150.jpeg\" class=\"attachment-thumbnail size-thumbnail\" alt=\"Fachada este de casona tradicional colonial en Villa de Leyva con columnas de madera negras. Camino en adoqu\u00edn y piedra.\" aria-describedby=\"gallery-1-1401\" \/><\/a>\n\t\t\t<\/div>\n\t\t\t\t<figcaption class='wp-caption-text gallery-caption' id='gallery-1-1401'>\n\t\t\t\tVilla de Leyva- Boyac\u00e1 &#8211; Inversiones Villa de Leyva\n\t\t\t\t<\/figcaption><\/figure><figure class='gallery-item'>\n\t\t\t<div class='gallery-icon portrait'>\n\t\t\t\t<a data-elementor-open-lightbox=\"yes\" data-elementor-lightbox-slideshow=\"ea8c857\" data-elementor-lightbox-title=\"Cama doble\" data-elementor-lightbox-description=\"Hermosa casa finca en Villa de Leyva - Casas Campestres - Inversiones Villa de Leyva - Boyac\u00e1\" data-e-action-hash=\"#elementor-action%3Aaction%3Dlightbox%26settings%3DeyJpZCI6MTQwMiwidXJsIjoiaHR0cHM6XC9cL2ludmVyc2lvbmVzdmlsbGFkZWxleXZhLmNvbVwvd3AtY29udGVudFwvdXBsb2Fkc1wvMjAyMlwvMTFcL1doYXRzQXBwLUltYWdlLTIwMjItMTEtMTYtYXQtOS4yMi4wMy1QTS0xLWUxNzExMjQ2MjI1Mjg1LmpwZWciLCJzbGlkZXNob3ciOiJlYThjODU3In0%3D\" href='https:\/\/inversionesvilladeleyva.com\/wp-content\/uploads\/2022\/11\/WhatsApp-Image-2022-11-16-at-9.22.03-PM-1-e1711246225285.jpeg'><img decoding=\"async\" width=\"150\" height=\"150\" src=\"https:\/\/inversionesvilladeleyva.com\/wp-content\/uploads\/2022\/11\/WhatsApp-Image-2022-11-16-at-9.22.03-PM-1-e1711246225285-150x150.jpeg\" class=\"attachment-thumbnail size-thumbnail\" alt=\"Hermosa casa finca en Villa de Leyva - Casas Campestres - Inversiones Villa de Leyva - Boyac\u00e1\" \/><\/a>\n\t\t\t<\/div><\/figure><figure class='gallery-item'>\n\t\t\t<div class='gallery-icon portrait'>\n\t\t\t\t<a data-elementor-open-lightbox=\"yes\" data-elementor-lightbox-slideshow=\"ea8c857\" data-elementor-lightbox-title=\"Comedor\" data-elementor-lightbox-description=\"Hermosa casa finca en Villa de Leyva - Casas Campestres - Inversiones Villa de Leyva - Boyac\u00e1\" data-e-action-hash=\"#elementor-action%3Aaction%3Dlightbox%26settings%3DeyJpZCI6MTQwMywidXJsIjoiaHR0cHM6XC9cL2ludmVyc2lvbmVzdmlsbGFkZWxleXZhLmNvbVwvd3AtY29udGVudFwvdXBsb2Fkc1wvMjAyMlwvMTFcL1doYXRzQXBwLUltYWdlLTIwMjItMTEtMTYtYXQtOS4yMi4wNC1QTS0xLmpwZWciLCJzbGlkZXNob3ciOiJlYThjODU3In0%3D\" href='https:\/\/inversionesvilladeleyva.com\/wp-content\/uploads\/2022\/11\/WhatsApp-Image-2022-11-16-at-9.22.04-PM-1.jpeg'><img loading=\"lazy\" decoding=\"async\" width=\"150\" height=\"150\" src=\"https:\/\/inversionesvilladeleyva.com\/wp-content\/uploads\/2022\/11\/WhatsApp-Image-2022-11-16-at-9.22.04-PM-1-150x150.jpeg\" class=\"attachment-thumbnail size-thumbnail\" alt=\"Hermosa casa finca en Villa de Leyva - Casas Campestres - Inversiones Villa de Leyva - Boyac\u00e1\" aria-describedby=\"gallery-1-1403\" \/><\/a>\n\t\t\t<\/div>\n\t\t\t\t<figcaption class='wp-caption-text gallery-caption' id='gallery-1-1403'>\n\t\t\t\tComedor en casona tradicional, puestos de mesa con platos y sillas\n\t\t\t\t<\/figcaption><\/figure><figure class='gallery-item'>\n\t\t\t<div class='gallery-icon portrait'>\n\t\t\t\t<a data-elementor-open-lightbox=\"yes\" data-elementor-lightbox-slideshow=\"ea8c857\" data-elementor-lightbox-title=\"Jardin fotata\" data-elementor-lightbox-description=\"Hermosa casa finca en Villa de Leyva - Casas Campestres - Inversiones Villa de Leyva - Boyac\u00e1\" data-e-action-hash=\"#elementor-action%3Aaction%3Dlightbox%26settings%3DeyJpZCI6MTQwNCwidXJsIjoiaHR0cHM6XC9cL2ludmVyc2lvbmVzdmlsbGFkZWxleXZhLmNvbVwvd3AtY29udGVudFwvdXBsb2Fkc1wvMjAyMlwvMTFcL1doYXRzQXBwLUltYWdlLTIwMjItMTEtMTYtYXQtOS4yMi4wNC1QTS1lMTcxMTI0NjM2MDc1MS5qcGVnIiwic2xpZGVzaG93IjoiZWE4Yzg1NyJ9\" href='https:\/\/inversionesvilladeleyva.com\/wp-content\/uploads\/2022\/11\/WhatsApp-Image-2022-11-16-at-9.22.04-PM-e1711246360751.jpeg'><img loading=\"lazy\" decoding=\"async\" width=\"150\" height=\"150\" src=\"https:\/\/inversionesvilladeleyva.com\/wp-content\/uploads\/2022\/11\/WhatsApp-Image-2022-11-16-at-9.22.04-PM-e1711246360751-150x150.jpeg\" class=\"attachment-thumbnail size-thumbnail\" alt=\"Hermosa casa finca en Villa de Leyva - Casas Campestres - Inversiones Villa de Leyva - Boyac\u00e1\" aria-describedby=\"gallery-1-1404\" \/><\/a>\n\t\t\t<\/div>\n\t\t\t\t<figcaption class='wp-caption-text gallery-caption' id='gallery-1-1404'>\n\t\t\t\tPit de fogatas en el jard\u00edn con troncos de madera\n\t\t\t\t<\/figcaption><\/figure><figure class='gallery-item'>\n\t\t\t<div class='gallery-icon portrait'>\n\t\t\t\t<a data-elementor-open-lightbox=\"yes\" data-elementor-lightbox-slideshow=\"ea8c857\" data-elementor-lightbox-title=\"Habitaci\u00f3n Twin\" data-elementor-lightbox-description=\"Hermosa casa finca en Villa de Leyva - Casas Campestres - Inversiones Villa de Leyva - Boyac\u00e1\" data-e-action-hash=\"#elementor-action%3Aaction%3Dlightbox%26settings%3DeyJpZCI6MTQwNSwidXJsIjoiaHR0cHM6XC9cL2ludmVyc2lvbmVzdmlsbGFkZWxleXZhLmNvbVwvd3AtY29udGVudFwvdXBsb2Fkc1wvMjAyMlwvMTFcL1doYXRzQXBwLUltYWdlLTIwMjItMTEtMTYtYXQtOS4yMi4wNi1QTS5qcGVnIiwic2xpZGVzaG93IjoiZWE4Yzg1NyJ9\" href='https:\/\/inversionesvilladeleyva.com\/wp-content\/uploads\/2022\/11\/WhatsApp-Image-2022-11-16-at-9.22.06-PM.jpeg'><img loading=\"lazy\" decoding=\"async\" width=\"150\" height=\"150\" src=\"https:\/\/inversionesvilladeleyva.com\/wp-content\/uploads\/2022\/11\/WhatsApp-Image-2022-11-16-at-9.22.06-PM-150x150.jpeg\" class=\"attachment-thumbnail size-thumbnail\" alt=\"Hermosa casa finca en Villa de Leyva - Casas Campestres - Inversiones Villa de Leyva - Boyac\u00e1\" \/><\/a>\n\t\t\t<\/div><\/figure><figure class='gallery-item'>\n\t\t\t<div class='gallery-icon portrait'>\n\t\t\t\t<a data-elementor-open-lightbox=\"yes\" data-elementor-lightbox-slideshow=\"ea8c857\" data-elementor-lightbox-title=\"Port\u00f3n\" data-elementor-lightbox-description=\"Hermosa casa finca en Villa de Leyva - Casas Campestres - Inversiones Villa de Leyva - Boyac\u00e1\" data-e-action-hash=\"#elementor-action%3Aaction%3Dlightbox%26settings%3DeyJpZCI6MTQwNiwidXJsIjoiaHR0cHM6XC9cL2ludmVyc2lvbmVzdmlsbGFkZWxleXZhLmNvbVwvd3AtY29udGVudFwvdXBsb2Fkc1wvMjAyMlwvMTFcL1doYXRzQXBwLUltYWdlLTIwMjItMTEtMTYtYXQtOS4yMi4wNy1QTS0xLmpwZWciLCJzbGlkZXNob3ciOiJlYThjODU3In0%3D\" href='https:\/\/inversionesvilladeleyva.com\/wp-content\/uploads\/2022\/11\/WhatsApp-Image-2022-11-16-at-9.22.07-PM-1.jpeg'><img loading=\"lazy\" decoding=\"async\" width=\"150\" height=\"150\" src=\"https:\/\/inversionesvilladeleyva.com\/wp-content\/uploads\/2022\/11\/WhatsApp-Image-2022-11-16-at-9.22.07-PM-1-150x150.jpeg\" class=\"attachment-thumbnail size-thumbnail\" alt=\"Hermosa casa finca en Villa de Leyva - Casas Campestres - Inversiones Villa de Leyva - Boyac\u00e1\" \/><\/a>\n\t\t\t<\/div><\/figure><figure class='gallery-item'>\n\t\t\t<div class='gallery-icon portrait'>\n\t\t\t\t<a data-elementor-open-lightbox=\"yes\" data-elementor-lightbox-slideshow=\"ea8c857\" data-elementor-lightbox-title=\"Iguaque y jard\u00edn\" data-elementor-lightbox-description=\"Hermosa casa finca en Villa de Leyva - Casas Campestres - Inversiones Villa de Leyva - Boyac\u00e1\" data-e-action-hash=\"#elementor-action%3Aaction%3Dlightbox%26settings%3DeyJpZCI6MTQwNywidXJsIjoiaHR0cHM6XC9cL2ludmVyc2lvbmVzdmlsbGFkZWxleXZhLmNvbVwvd3AtY29udGVudFwvdXBsb2Fkc1wvMjAyMlwvMTFcL1doYXRzQXBwLUltYWdlLTIwMjItMTEtMTYtYXQtOS4yMi4wNy1QTS1lMTcxMTI0NjMzOTI2OS5qcGVnIiwic2xpZGVzaG93IjoiZWE4Yzg1NyJ9\" href='https:\/\/inversionesvilladeleyva.com\/wp-content\/uploads\/2022\/11\/WhatsApp-Image-2022-11-16-at-9.22.07-PM-e1711246339269.jpeg'><img loading=\"lazy\" decoding=\"async\" width=\"150\" height=\"150\" src=\"https:\/\/inversionesvilladeleyva.com\/wp-content\/uploads\/2022\/11\/WhatsApp-Image-2022-11-16-at-9.22.07-PM-e1711246339269-150x150.jpeg\" class=\"attachment-thumbnail size-thumbnail\" alt=\"Hermosa casa finca en Villa de Leyva - Casas Campestres - Inversiones Villa de Leyva - Boyac\u00e1\" aria-describedby=\"gallery-1-1407\" \/><\/a>\n\t\t\t<\/div>\n\t\t\t\t<figcaption class='wp-caption-text gallery-caption' id='gallery-1-1407'>\n\t\t\t\tVista a las monta\u00f1as de Iguaque y jard\u00edn con pasto y pino cipr\u00e9s\n\n\t\t\t\t<\/figcaption><\/figure><figure class='gallery-item'>\n\t\t\t<div class='gallery-icon portrait'>\n\t\t\t\t<a data-elementor-open-lightbox=\"yes\" data-elementor-lightbox-slideshow=\"ea8c857\" data-elementor-lightbox-title=\"Vista a las monta\u00f1as\" data-elementor-lightbox-description=\"Hermosa casa finca en Villa de Leyva - Casas Campestres - Inversiones Villa de Leyva - Boyac\u00e1\" data-e-action-hash=\"#elementor-action%3Aaction%3Dlightbox%26settings%3DeyJpZCI6MTQwOCwidXJsIjoiaHR0cHM6XC9cL2ludmVyc2lvbmVzdmlsbGFkZWxleXZhLmNvbVwvd3AtY29udGVudFwvdXBsb2Fkc1wvMjAyMlwvMTFcL1doYXRzQXBwLUltYWdlLTIwMjItMTEtMTYtYXQtOS4yMi4wOC1QTS0xLWUxNzExMjQ2NTYxMjAxLmpwZWciLCJzbGlkZXNob3ciOiJlYThjODU3In0%3D\" href='https:\/\/inversionesvilladeleyva.com\/wp-content\/uploads\/2022\/11\/WhatsApp-Image-2022-11-16-at-9.22.08-PM-1-e1711246561201.jpeg'><img loading=\"lazy\" decoding=\"async\" width=\"150\" height=\"150\" src=\"https:\/\/inversionesvilladeleyva.com\/wp-content\/uploads\/2022\/11\/WhatsApp-Image-2022-11-16-at-9.22.08-PM-1-e1711246561201-150x150.jpeg\" class=\"attachment-thumbnail size-thumbnail\" alt=\"Hermosa casa finca en Villa de Leyva - Casas Campestres - Inversiones Villa de Leyva - Boyac\u00e1\" \/><\/a>\n\t\t\t<\/div><\/figure><figure class='gallery-item'>\n\t\t\t<div class='gallery-icon portrait'>\n\t\t\t\t<a data-elementor-open-lightbox=\"yes\" data-elementor-lightbox-slideshow=\"ea8c857\" data-elementor-lightbox-title=\"Hermosa Casa Finca en Villa de Leyva BBQ\" data-elementor-lightbox-description=\"Hermosa casa finca en Villa de Leyva para la venta\" data-e-action-hash=\"#elementor-action%3Aaction%3Dlightbox%26settings%3DeyJpZCI6MTQwOSwidXJsIjoiaHR0cHM6XC9cL2ludmVyc2lvbmVzdmlsbGFkZWxleXZhLmNvbVwvd3AtY29udGVudFwvdXBsb2Fkc1wvMjAyMlwvMTFcL1doYXRzQXBwLUltYWdlLTIwMjItMTEtMTYtYXQtOS4yMi4wOC1QTS1lMTcxMTI0NjI5ODU5Mi5qcGVnIiwic2xpZGVzaG93IjoiZWE4Yzg1NyJ9\" href='https:\/\/inversionesvilladeleyva.com\/wp-content\/uploads\/2022\/11\/WhatsApp-Image-2022-11-16-at-9.22.08-PM-e1711246298592.jpeg'><img loading=\"lazy\" decoding=\"async\" width=\"150\" height=\"150\" src=\"https:\/\/inversionesvilladeleyva.com\/wp-content\/uploads\/2022\/11\/WhatsApp-Image-2022-11-16-at-9.22.08-PM-e1711246298592-150x150.jpeg\" class=\"attachment-thumbnail size-thumbnail\" alt=\"Hermosa casa finca en Villa de Leyva - Casas Campestres - Inversiones Villa de Leyva - Boyac\u00e1\" aria-describedby=\"gallery-1-1409\" \/><\/a>\n\t\t\t<\/div>\n\t\t\t\t<figcaption class='wp-caption-text gallery-caption' id='gallery-1-1409'>\n\t\t\t\tParrilla y chimenea de asados con le\u00f1a y mesas de troncos de arboles\n\t\t\t\t<\/figcaption><\/figure><figure class='gallery-item'>\n\t\t\t<div class='gallery-icon portrait'>\n\t\t\t\t<a data-elementor-open-lightbox=\"yes\" data-elementor-lightbox-slideshow=\"ea8c857\" data-elementor-lightbox-title=\"Hamaca y corredores\" data-elementor-lightbox-description=\"Hermosa casa finca en Villa de Leyva - Casas Campestres - Inversiones Villa de Leyva - Boyac\u00e1\" data-e-action-hash=\"#elementor-action%3Aaction%3Dlightbox%26settings%3DeyJpZCI6MTQxMCwidXJsIjoiaHR0cHM6XC9cL2ludmVyc2lvbmVzdmlsbGFkZWxleXZhLmNvbVwvd3AtY29udGVudFwvdXBsb2Fkc1wvMjAyMlwvMTFcL1doYXRzQXBwLUltYWdlLTIwMjItMTEtMTYtYXQtOS4yMi4wOS1QTS5qcGVnIiwic2xpZGVzaG93IjoiZWE4Yzg1NyJ9\" href='https:\/\/inversionesvilladeleyva.com\/wp-content\/uploads\/2022\/11\/WhatsApp-Image-2022-11-16-at-9.22.09-PM.jpeg'><img loading=\"lazy\" decoding=\"async\" width=\"150\" height=\"150\" src=\"https:\/\/inversionesvilladeleyva.com\/wp-content\/uploads\/2022\/11\/WhatsApp-Image-2022-11-16-at-9.22.09-PM-150x150.jpeg\" class=\"attachment-thumbnail size-thumbnail\" alt=\"Hermosa casa finca en Villa de Leyva - Casas Campestres - Inversiones Villa de Leyva - Boyac\u00e1\" \/><\/a>\n\t\t\t<\/div><\/figure>\n\t\t<\/div>\n\t\t<\/div>\n\t\t\t\t\t\t<\/div>\n\t\t\t\t<\/div>\n\t\t\t\t\t<\/div>\n\t\t<\/div>\n\t\t\t\t\t<\/div>\n\t\t<\/section>\n\t\t\t\t<\/div>\n\t\t","protected":false},"excerpt":{"rendered":"<p>Hermosa Casa Finca en Villa de Leyva para la venta Villa de Leyva, Boyac\u00e1 $ 1.700M 500m2\u00a0 \/ 5 cuartos \/ lote de 9.600m2 \/ a 20 minutos de V\/Leyva v\u00eda Arcabuco\/ Zona de spa Campestre Big house Rural Jacuzzi Villa de Leyva- Boyac\u00e1 &#8211; Inversiones Villa de Leyva Villa de Leyva- Boyac\u00e1 &#8211; Inversiones [&hellip;]<\/p>\n","protected":false},"author":1,"featured_media":0,"parent":0,"menu_order":0,"comment_status":"closed","ping_status":"closed","template":"","meta":{"site-sidebar-layout":"no-sidebar","site-content-layout":"page-builder","ast-site-content-layout":"full-width-container","site-content-style":"unboxed","site-sidebar-style":"unboxed","ast-global-header-display":"","ast-banner-title-visibility":"","ast-main-header-display":"","ast-hfb-above-header-display":"","ast-hfb-below-header-display":"","ast-hfb-mobile-header-display":"","site-post-title":"disabled","ast-breadcrumbs-content":"","ast-featured-img":"disabled","footer-sml-layout":"","theme-transparent-header-meta":"","adv-header-id-meta":"","stick-header-meta":"","header-above-stick-meta":"","header-main-stick-meta":"","header-below-stick-meta":"","astra-migrate-meta-layouts":"set","ast-page-background-enabled":"default","ast-page-background-meta":{"desktop":{"background-color":"var(--ast-global-color-4)","background-image":"","background-repeat":"repeat","background-position":"center center","background-size":"auto","background-attachment":"scroll","background-type":"","background-media":"","overlay-type":"","overlay-color":"","overlay-gradient":""},"tablet":{"background-color":"","background-image":"","background-repeat":"repeat","background-position":"center center","background-size":"auto","background-attachment":"scroll","background-type":"","background-media":"","overlay-type":"","overlay-color":"","overlay-gradient":""},"mobile":{"background-color":"","background-image":"","background-repeat":"repeat","background-position":"center center","background-size":"auto","background-attachment":"scroll","background-type":"","background-media":"","overlay-type":"","overlay-color":"","overlay-gradient":""}},"ast-content-background-meta":{"desktop":{"background-color":"var(--ast-global-color-5)","background-image":"","background-repeat":"repeat","background-position":"center center","background-size":"auto","background-attachment":"scroll","background-type":"","background-media":"","overlay-type":"","overlay-color":"","overlay-gradient":""},"tablet":{"background-color":"var(--ast-global-color-5)","background-image":"","background-repeat":"repeat","background-position":"center center","background-size":"auto","background-attachment":"scroll","background-type":"","background-media":"","overlay-type":"","overlay-color":"","overlay-gradient":""},"mobile":{"background-color":"var(--ast-global-color-5)","background-image":"","background-repeat":"repeat","background-position":"center center","background-size":"auto","background-attachment":"scroll","background-type":"","background-media":"","overlay-type":"","overlay-color":"","overlay-gradient":""}},"footnotes":""},"class_list":["post-1681","page","type-page","status-publish","hentry"],"aioseo_notices":[],"_links":{"self":[{"href":"https:\/\/inversionesvilladeleyva.com\/index.php\/wp-json\/wp\/v2\/pages\/1681","targetHints":{"allow":["GET"]}}],"collection":[{"href":"https:\/\/inversionesvilladeleyva.com\/index.php\/wp-json\/wp\/v2\/pages"}],"about":[{"href":"https:\/\/inversionesvilladeleyva.com\/index.php\/wp-json\/wp\/v2\/types\/page"}],"author":[{"embeddable":true,"href":"https:\/\/inversionesvilladeleyva.com\/index.php\/wp-json\/wp\/v2\/users\/1"}],"replies":[{"embeddable":true,"href":"https:\/\/inversionesvilladeleyva.com\/index.php\/wp-json\/wp\/v2\/comments?post=1681"}],"version-history":[{"count":47,"href":"https:\/\/inversionesvilladeleyva.com\/index.php\/wp-json\/wp\/v2\/pages\/1681\/revisions"}],"predecessor-version":[{"id":1844,"href":"https:\/\/inversionesvilladeleyva.com\/index.php\/wp-json\/wp\/v2\/pages\/1681\/revisions\/1844"}],"wp:attachment":[{"href":"https:\/\/inversionesvilladeleyva.com\/index.php\/wp-json\/wp\/v2\/media?parent=1681"}],"curies":[{"name":"wp","href":"https:\/\/api.w.org\/{rel}","templated":true}]}}