{"id":1959,"date":"2024-04-15T17:15:09","date_gmt":"2024-04-15T17:15:09","guid":{"rendered":"https:\/\/inversionesvilladeleyva.com\/?page_id=1959"},"modified":"2024-04-15T17:21:38","modified_gmt":"2024-04-15T17:21:38","slug":"lote-luxe-en-guatape-para-la-venta","status":"publish","type":"page","link":"https:\/\/inversionesvilladeleyva.com\/index.php\/lote-luxe-en-guatape-para-la-venta\/","title":{"rendered":"Lote Lux\u00e9 en Guatap\u00e9 para la Venta"},"content":{"rendered":"\t\t<div data-elementor-type=\"wp-page\" data-elementor-id=\"1959\" class=\"elementor elementor-1959\">\n\t\t\t\t\t\t<section class=\"elementor-section elementor-top-section elementor-element elementor-element-f301969 elementor-section-boxed elementor-section-height-default elementor-section-height-default\" data-id=\"f301969\" data-element_type=\"section\" data-e-type=\"section\">\n\t\t\t\t\t\t<div class=\"elementor-container elementor-column-gap-default\">\n\t\t\t\t\t<div class=\"elementor-column elementor-col-50 elementor-top-column elementor-element elementor-element-8d56500\" data-id=\"8d56500\" data-element_type=\"column\" data-e-type=\"column\">\n\t\t\t<div class=\"elementor-widget-wrap elementor-element-populated\">\n\t\t\t\t\t\t<div class=\"elementor-element elementor-element-bcdc618 elementor-widget elementor-widget-image\" data-id=\"bcdc618\" data-element_type=\"widget\" data-e-type=\"widget\" data-widget_type=\"image.default\">\n\t\t\t\t<div class=\"elementor-widget-container\">\n\t\t\t\t\t\t\t\t\t\t\t\t\t\t\t<img fetchpriority=\"high\" decoding=\"async\" width=\"1920\" height=\"2560\" src=\"https:\/\/inversionesvilladeleyva.com\/wp-content\/uploads\/2024\/02\/20240128_085731-scaled.jpg\" class=\"attachment-full size-full wp-image-1638\" alt=\"Lote Lux\u00e9 en Guatap\u00e9 - Lote campestre - Inversiones Villa de Leyva - Antioquia\" srcset=\"https:\/\/inversionesvilladeleyva.com\/wp-content\/uploads\/2024\/02\/20240128_085731-scaled.jpg 1920w, https:\/\/inversionesvilladeleyva.com\/wp-content\/uploads\/2024\/02\/20240128_085731-225x300.jpg 225w, https:\/\/inversionesvilladeleyva.com\/wp-content\/uploads\/2024\/02\/20240128_085731-768x1024.jpg 768w, https:\/\/inversionesvilladeleyva.com\/wp-content\/uploads\/2024\/02\/20240128_085731-1152x1536.jpg 1152w, https:\/\/inversionesvilladeleyva.com\/wp-content\/uploads\/2024\/02\/20240128_085731-1536x2048.jpg 1536w\" sizes=\"(max-width: 1920px) 100vw, 1920px\" \/>\t\t\t\t\t\t\t\t\t\t\t\t\t\t\t<\/div>\n\t\t\t\t<\/div>\n\t\t\t\t\t<\/div>\n\t\t<\/div>\n\t\t\t\t<div class=\"elementor-column elementor-col-50 elementor-top-column elementor-element elementor-element-15e3b44\" data-id=\"15e3b44\" data-element_type=\"column\" data-e-type=\"column\">\n\t\t\t<div class=\"elementor-widget-wrap elementor-element-populated\">\n\t\t\t\t\t\t<div class=\"elementor-element elementor-element-364da73 elementor-widget elementor-widget-text-editor\" data-id=\"364da73\" data-element_type=\"widget\" data-e-type=\"widget\" data-widget_type=\"text-editor.default\">\n\t\t\t\t<div class=\"elementor-widget-container\">\n\t\t\t\t\t\t\t\t\t<h3 class=\"elementor-heading-title elementor-size-default\"><span style=\"color: #ffffff;\">Hermoso Lote Lux\u00e9&nbsp;<span style=\"color: #562b82;\">en Guatap\u00e9&nbsp;<\/span><\/span><span style=\"color: #ffffff;\"><span style=\"color: #562b82;\">para la venta<\/span><\/span><\/h3>\t\t\t\t\t\t\t\t<\/div>\n\t\t\t\t<\/div>\n\t\t\t\t<div class=\"elementor-element elementor-element-3321262 elementor-widget elementor-widget-text-editor\" data-id=\"3321262\" data-element_type=\"widget\" data-e-type=\"widget\" data-widget_type=\"text-editor.default\">\n\t\t\t\t<div class=\"elementor-widget-container\">\n\t\t\t\t\t\t\t\t\t<div data-id=\"047f475\" data-element_type=\"widget\" data-widget_type=\"heading.default\"><div><div>Guatap\u00e9, Boyac\u00e1<\/div><\/div><\/div><div data-id=\"38275a4\" data-element_type=\"widget\" data-widget_type=\"heading.default\"><div><h5>$700M<\/h5><\/div><div data-id=\"136fe7b\" data-element_type=\"widget\" data-widget_type=\"text-editor.default\"><div><p>Lote de 1.080 m2 \/ 180 m2 construidos \/ 4 cuartos<span style=\"font-size: 16px;\"> \/ 4<\/span><span style=\"font-size: 16px;\"> ba\u00f1os <\/span><span style=\"font-size: 16px;\">\u00a0\/ cerca al pueblo\/ exclusivo condominio con hotel y restaurantes<\/span><\/p><\/div><ul><li class=\"elementor-icon-list-item\"><i class=\"fas fa-donate\" aria-hidden=\"true\"><\/i><span class=\"elementor-icon-list-text\">Oportunidad<\/span><\/li><li class=\"elementor-icon-list-item\"><i class=\"fas fa-mountain\" aria-hidden=\"true\"><\/i><span class=\"elementor-icon-list-text\">Campestre<\/span><\/li><li class=\"elementor-icon-list-item\"><i class=\"fas fa-binoculars\" aria-hidden=\"true\"><\/i><span class=\"elementor-icon-list-text\">Vista<\/span><\/li><\/ul><\/div><\/div><div data-id=\"32b99a9\" data-element_type=\"widget\" data-widget_type=\"icon-list.default\"><div>\u00a0<\/div><\/div>\t\t\t\t\t\t\t\t<\/div>\n\t\t\t\t<\/div>\n\t\t\t\t\t<\/div>\n\t\t<\/div>\n\t\t\t\t\t<\/div>\n\t\t<\/section>\n\t\t\t\t<section class=\"elementor-section elementor-top-section elementor-element elementor-element-f8635a5 elementor-section-boxed elementor-section-height-default elementor-section-height-default\" data-id=\"f8635a5\" data-element_type=\"section\" data-e-type=\"section\">\n\t\t\t\t\t\t<div class=\"elementor-container elementor-column-gap-default\">\n\t\t\t\t\t<div class=\"elementor-column elementor-col-100 elementor-top-column elementor-element elementor-element-be18949\" data-id=\"be18949\" data-element_type=\"column\" data-e-type=\"column\">\n\t\t\t<div class=\"elementor-widget-wrap elementor-element-populated\">\n\t\t\t\t\t\t<div class=\"elementor-element elementor-element-8f5f272 elementor-widget elementor-widget-image-gallery\" data-id=\"8f5f272\" data-element_type=\"widget\" data-e-type=\"widget\" data-widget_type=\"image-gallery.default\">\n\t\t\t\t<div class=\"elementor-widget-container\">\n\t\t\t\t\t\t\t<div class=\"elementor-image-gallery\">\n\t\t\t<div id='gallery-7' class='gallery galleryid-1959 gallery-columns-5 gallery-size-thumbnail'><figure class='gallery-item'>\n\t\t\t<div class='gallery-icon portrait'>\n\t\t\t\t<a data-elementor-open-lightbox=\"yes\" data-elementor-lightbox-slideshow=\"8f5f272\" data-elementor-lightbox-title=\"Bosque nativo con vista a la represa\" data-elementor-lightbox-description=\"Lote Lux\u00e9 en Guatap\u00e9 - Lote campestre - Inversiones Villa de Leyva - Antioquia\" data-e-action-hash=\"#elementor-action%3Aaction%3Dlightbox%26settings%3DeyJpZCI6MTY0MCwidXJsIjoiaHR0cHM6XC9cL2ludmVyc2lvbmVzdmlsbGFkZWxleXZhLmNvbVwvd3AtY29udGVudFwvdXBsb2Fkc1wvMjAyNFwvMDJcLzIwMjQwMTI4XzA4NTcyNi1zY2FsZWQuanBnIiwic2xpZGVzaG93IjoiOGY1ZjI3MiJ9\" href='https:\/\/inversionesvilladeleyva.com\/wp-content\/uploads\/2024\/02\/20240128_085726-scaled.jpg'><img decoding=\"async\" width=\"150\" height=\"150\" src=\"https:\/\/inversionesvilladeleyva.com\/wp-content\/uploads\/2024\/02\/20240128_085726-150x150.jpg\" class=\"attachment-thumbnail size-thumbnail\" alt=\"Lote Lux\u00e9 en Guatap\u00e9 - Lote campestre - Inversiones Villa de Leyva - Antioquia\" \/><\/a>\n\t\t\t<\/div><\/figure><figure class='gallery-item'>\n\t\t\t<div class='gallery-icon portrait'>\n\t\t\t\t<a data-elementor-open-lightbox=\"yes\" data-elementor-lightbox-slideshow=\"8f5f272\" data-elementor-lightbox-title=\"Represa de Guatap\u00e9\" data-elementor-lightbox-description=\"Lote Lux\u00e9 en Guatap\u00e9 - Lote campestre - Inversiones Villa de Leyva - Antioquia\" data-e-action-hash=\"#elementor-action%3Aaction%3Dlightbox%26settings%3DeyJpZCI6MTYzOCwidXJsIjoiaHR0cHM6XC9cL2ludmVyc2lvbmVzdmlsbGFkZWxleXZhLmNvbVwvd3AtY29udGVudFwvdXBsb2Fkc1wvMjAyNFwvMDJcLzIwMjQwMTI4XzA4NTczMS1zY2FsZWQuanBnIiwic2xpZGVzaG93IjoiOGY1ZjI3MiJ9\" href='https:\/\/inversionesvilladeleyva.com\/wp-content\/uploads\/2024\/02\/20240128_085731-scaled.jpg'><img decoding=\"async\" width=\"150\" height=\"150\" src=\"https:\/\/inversionesvilladeleyva.com\/wp-content\/uploads\/2024\/02\/20240128_085731-150x150.jpg\" class=\"attachment-thumbnail size-thumbnail\" alt=\"Lote Lux\u00e9 en Guatap\u00e9 - Lote campestre - Inversiones Villa de Leyva - Antioquia\" \/><\/a>\n\t\t\t<\/div><\/figure><figure class='gallery-item'>\n\t\t\t<div class='gallery-icon landscape'>\n\t\t\t\t<a data-elementor-open-lightbox=\"yes\" data-elementor-lightbox-slideshow=\"8f5f272\" data-elementor-lightbox-title=\"Vista a la represa\" data-elementor-lightbox-description=\"Lote Lux\u00e9 en Guatap\u00e9 - Lote campestre - Inversiones Villa de Leyva - Antioquia\" data-e-action-hash=\"#elementor-action%3Aaction%3Dlightbox%26settings%3DeyJpZCI6MTY0MiwidXJsIjoiaHR0cHM6XC9cL2ludmVyc2lvbmVzdmlsbGFkZWxleXZhLmNvbVwvd3AtY29udGVudFwvdXBsb2Fkc1wvMjAyNFwvMDJcLzIwMjQwMTI4XzA4NTczMS0xLXNjYWxlZC5qcGciLCJzbGlkZXNob3ciOiI4ZjVmMjcyIn0%3D\" href='https:\/\/inversionesvilladeleyva.com\/wp-content\/uploads\/2024\/02\/20240128_085731-1-scaled.jpg'><img loading=\"lazy\" decoding=\"async\" width=\"150\" height=\"150\" src=\"https:\/\/inversionesvilladeleyva.com\/wp-content\/uploads\/2024\/02\/20240128_085731-1-150x150.jpg\" class=\"attachment-thumbnail size-thumbnail\" alt=\"Lote Lux\u00e9 en Guatap\u00e9 - Lote campestre - Inversiones Villa de Leyva - Antioquia\" \/><\/a>\n\t\t\t<\/div><\/figure>\n\t\t<\/div>\n\t\t<\/div>\n\t\t\t\t\t\t<\/div>\n\t\t\t\t<\/div>\n\t\t\t\t\t<\/div>\n\t\t<\/div>\n\t\t\t\t\t<\/div>\n\t\t<\/section>\n\t\t\t\t<\/div>\n\t\t","protected":false},"excerpt":{"rendered":"<p>Hermoso Lote Lux\u00e9&nbsp;en Guatap\u00e9&nbsp;para la venta Guatap\u00e9, Boyac\u00e1 $700M Lote de 1.080 m2 \/ 180 m2 construidos \/ 4 cuartos \/ 4 ba\u00f1os \u00a0\/ cerca al pueblo\/ exclusivo condominio con hotel y restaurantes Oportunidad Campestre Vista \u00a0<\/p>\n","protected":false},"author":1,"featured_media":0,"parent":0,"menu_order":0,"comment_status":"closed","ping_status":"closed","template":"","meta":{"site-sidebar-layout":"no-sidebar","site-content-layout":"page-builder","ast-site-content-layout":"full-width-container","site-content-style":"default","site-sidebar-style":"default","ast-global-header-display":"","ast-banner-title-visibility":"","ast-main-header-display":"","ast-hfb-above-header-display":"","ast-hfb-below-header-display":"","ast-hfb-mobile-header-display":"","site-post-title":"disabled","ast-breadcrumbs-content":"","ast-featured-img":"disabled","footer-sml-layout":"","theme-transparent-header-meta":"","adv-header-id-meta":"","stick-header-meta":"","header-above-stick-meta":"","header-main-stick-meta":"","header-below-stick-meta":"","astra-migrate-meta-layouts":"set","ast-page-background-enabled":"default","ast-page-background-meta":{"desktop":{"background-color":"var(--ast-global-color-4)","background-image":"","background-repeat":"repeat","background-position":"center center","background-size":"auto","background-attachment":"scroll","background-type":"","background-media":"","overlay-type":"","overlay-color":"","overlay-gradient":""},"tablet":{"background-color":"","background-image":"","background-repeat":"repeat","background-position":"center center","background-size":"auto","background-attachment":"scroll","background-type":"","background-media":"","overlay-type":"","overlay-color":"","overlay-gradient":""},"mobile":{"background-color":"","background-image":"","background-repeat":"repeat","background-position":"center center","background-size":"auto","background-attachment":"scroll","background-type":"","background-media":"","overlay-type":"","overlay-color":"","overlay-gradient":""}},"ast-content-background-meta":{"desktop":{"background-color":"var(--ast-global-color-5)","background-image":"","background-repeat":"repeat","background-position":"center center","background-size":"auto","background-attachment":"scroll","background-type":"","background-media":"","overlay-type":"","overlay-color":"","overlay-gradient":""},"tablet":{"background-color":"var(--ast-global-color-5)","background-image":"","background-repeat":"repeat","background-position":"center center","background-size":"auto","background-attachment":"scroll","background-type":"","background-media":"","overlay-type":"","overlay-color":"","overlay-gradient":""},"mobile":{"background-color":"var(--ast-global-color-5)","background-image":"","background-repeat":"repeat","background-position":"center center","background-size":"auto","background-attachment":"scroll","background-type":"","background-media":"","overlay-type":"","overlay-color":"","overlay-gradient":""}},"footnotes":""},"class_list":["post-1959","page","type-page","status-publish","hentry"],"aioseo_notices":[],"_links":{"self":[{"href":"https:\/\/inversionesvilladeleyva.com\/index.php\/wp-json\/wp\/v2\/pages\/1959","targetHints":{"allow":["GET"]}}],"collection":[{"href":"https:\/\/inversionesvilladeleyva.com\/index.php\/wp-json\/wp\/v2\/pages"}],"about":[{"href":"https:\/\/inversionesvilladeleyva.com\/index.php\/wp-json\/wp\/v2\/types\/page"}],"author":[{"embeddable":true,"href":"https:\/\/inversionesvilladeleyva.com\/index.php\/wp-json\/wp\/v2\/users\/1"}],"replies":[{"embeddable":true,"href":"https:\/\/inversionesvilladeleyva.com\/index.php\/wp-json\/wp\/v2\/comments?post=1959"}],"version-history":[{"count":10,"href":"https:\/\/inversionesvilladeleyva.com\/index.php\/wp-json\/wp\/v2\/pages\/1959\/revisions"}],"predecessor-version":[{"id":1969,"href":"https:\/\/inversionesvilladeleyva.com\/index.php\/wp-json\/wp\/v2\/pages\/1959\/revisions\/1969"}],"wp:attachment":[{"href":"https:\/\/inversionesvilladeleyva.com\/index.php\/wp-json\/wp\/v2\/media?parent=1959"}],"curies":[{"name":"wp","href":"https:\/\/api.w.org\/{rel}","templated":true}]}}